{"id":12,"date":"2020-07-24T22:48:33","date_gmt":"2020-07-24T22:48:33","guid":{"rendered":"https:\/\/masatainment.de\/?page_id=12"},"modified":"2020-07-26T22:36:39","modified_gmt":"2020-07-26T22:36:39","slug":"das-neue-museum-oeffnet-seine-tueren-2","status":"publish","type":"page","link":"https:\/\/masatainment.de\/","title":{"rendered":"Das neue Museum \u00f6ffnet seine T\u00fcren"},"content":{"rendered":"\n<div class=\"wp-container-1 wp-block-group alignwide\"><div class=\"wp-block-group__inner-container\">\n<h2 class=\"has-text-align-center\">Die erste Adresse f\u00fcr Chaos, Kunst und Meinung in Bruchhausen-Vilsen. <\/h2>\n\n\n\n<h3 class=\"has-text-align-center\">T\u00e4glich rund um die Uhr ge\u00f6ffnet.<\/h3>\n\n\n\n<p><\/p>\n<\/div><\/div>\n\n\n\n<div class=\"wp-container-9 wp-block-columns alignwide\">\n<div class=\"wp-container-5 wp-block-column\">\n<div class=\"wp-container-3 wp-block-group\"><div class=\"wp-block-group__inner-container\">\n<div class=\"wp-container-2 wp-block-group\"><div class=\"wp-block-group__inner-container\">\n<div class=\"wp-block-file\"><a href=\"https:\/\/masatainment.de\/wp-content\/uploads\/2020\/07\/Als-er-sich-mit-vierzig-im-Spiegel-sah.wav\">Als er sich mit vierzig im Spiegel sah<\/a><a href=\"https:\/\/masatainment.de\/wp-content\/uploads\/2020\/07\/Als-er-sich-mit-vierzig-im-Spiegel-sah.wav\" class=\"wp-block-file__button\" download>Herunterladen<\/a><\/div>\n<\/div><\/div>\n\n\n\n<h2>Werke und Tage<\/h2>\n\n\n\n<p class=\"has-large-font-size\"><strong>Werke sollen nicht verg\u00e4nglich sein, aber Tage gez\u00e4hlt.<\/strong><\/p>\n\n\n\n<div class=\"wp-block-button is-style-outline\"><a class=\"wp-block-button__link\" href=\"https:\/\/masatainment.de\/?page_id=15\" target=\"_blank\" rel=\"noreferrer noopener\">Weiterlesen<\/a><\/div>\n<\/div><\/div>\n\n\n\n<div class=\"wp-container-4 wp-block-group\"><div class=\"wp-block-group__inner-container\">\n<figure class=\"wp-block-video\"><video controls src=\"https:\/\/masatainment.de\/wp-content\/uploads\/2020\/07\/IMG_6791.mov\"><\/video><figcaption>Irish Folk Hutkonzert mit Good Song Whiskey<\/figcaption><\/figure>\n\n\n\n<h2>Creative Schaupl\u00e4tze<\/h2>\n\n\n\n<p class=\"has-large-font-size\"><strong>von Freunden und Kulturschaffenden<\/strong><\/p>\n\n\n\n<div class=\"wp-block-button is-style-outline\"><a class=\"wp-block-button__link\" href=\"https:\/\/masatainment.de\/?p=182\" target=\"_blank\" rel=\"noreferrer noopener\">Weiterlesen<\/a><\/div>\n<\/div><\/div>\n<\/div>\n\n\n\n<div class=\"wp-container-8 wp-block-column\">\n<div class=\"wp-container-6 wp-block-group\"><div class=\"wp-block-group__inner-container\">\n<figure class=\"wp-block-image alignfull size-large\"><img loading=\"lazy\" width=\"768\" height=\"1024\" src=\"https:\/\/masatainment.de\/wp-content\/uploads\/2020\/07\/PHOTO-2020-07-26-15-22-58-768x1024.jpg\" alt=\"\" class=\"wp-image-152\" srcset=\"https:\/\/masatainment.de\/wp-content\/uploads\/2020\/07\/PHOTO-2020-07-26-15-22-58-768x1024.jpg 768w, https:\/\/masatainment.de\/wp-content\/uploads\/2020\/07\/PHOTO-2020-07-26-15-22-58-225x300.jpg 225w, https:\/\/masatainment.de\/wp-content\/uploads\/2020\/07\/PHOTO-2020-07-26-15-22-58.jpg 1062w\" sizes=\"(max-width: 768px) 100vw, 768px\" \/><figcaption>Am Sonntagnachmittag am Wegesrand, nicht nur die Insekten erfreuen sich! <\/figcaption><\/figure>\n\n\n\n<h2>Leben und Leben lassen<\/h2>\n\n\n\n<p class=\"has-large-font-size\"><strong>muss man immer<\/strong> !<\/p>\n\n\n\n<div class=\"wp-block-button is-style-outline\"><a class=\"wp-block-button__link\" href=\"https:\/\/masatainment.de\/?p=4\" target=\"_blank\" rel=\"noreferrer noopener\">Weiterlesen<\/a><\/div>\n<\/div><\/div>\n\n\n\n<div class=\"wp-container-7 wp-block-group\"><div class=\"wp-block-group__inner-container\">\n<figure class=\"wp-block-image alignfull size-large\"><img loading=\"lazy\" width=\"768\" height=\"1024\" src=\"https:\/\/masatainment.de\/wp-content\/uploads\/2020\/07\/2013-11-15-18.07.22-768x1024.jpg\" alt=\"\" class=\"wp-image-186\" srcset=\"https:\/\/masatainment.de\/wp-content\/uploads\/2020\/07\/2013-11-15-18.07.22-768x1024.jpg 768w, https:\/\/masatainment.de\/wp-content\/uploads\/2020\/07\/2013-11-15-18.07.22-225x300.jpg 225w, https:\/\/masatainment.de\/wp-content\/uploads\/2020\/07\/2013-11-15-18.07.22-1152x1536.jpg 1152w, https:\/\/masatainment.de\/wp-content\/uploads\/2020\/07\/2013-11-15-18.07.22-1536x2048.jpg 1536w, https:\/\/masatainment.de\/wp-content\/uploads\/2020\/07\/2013-11-15-18.07.22-1200x1600.jpg 1200w, https:\/\/masatainment.de\/wp-content\/uploads\/2020\/07\/2013-11-15-18.07.22.jpg 1846w\" sizes=\"(max-width: 768px) 100vw, 768px\" \/><figcaption>Wenn die Eier zum Abschuss freigegeben werden&#8230;<\/figcaption><\/figure>\n\n\n\n<h2>Dies und Das<\/h2>\n\n\n\n<p class=\"has-large-font-size\"><strong>von heute bis in alle Ewigkeit<\/strong><\/p>\n\n\n\n<div class=\"wp-block-button is-style-outline\"><a class=\"wp-block-button__link\" href=\"https:\/\/masatainment.de\/?page_id=15\" target=\"_blank\" rel=\"noreferrer noopener\">Weiterlesen<\/a><\/div>\n<\/div><\/div>\n<\/div>\n<\/div>\n\n\n\n<div class=\"wp-container-10 wp-block-group alignwide\"><div class=\"wp-block-group__inner-container\">\n<h2 class=\"has-accent-color has-text-color has-text-align-center\">\u201eDas Geheimnis des Gl\u00fccklichseins ist, Versuchungen nachzugeben.\u201c <\/h2>\n\n\n\n<h3 class=\"has-accent-color has-text-color has-text-align-center\">Oscar Wilde<\/h3>\n<\/div><\/div>\n\n\n\n<p class=\"has-drop-cap\">Auf vier Ebenen beeindruckender Geistesblitze zeigt das neue Museum diverse optische und akustische Werke von Menschen, die Querdenker beeindrucken, und die trotzdem oder gerade deshalb das Leben in vollen Z\u00fcgen geniessen!<\/p>\n\n\n\n<p class=\"has-drop-cap\">Existenzielle, politische und philosophische Fragen sind Bestandteil des Programms. Besucher sind herzlich eingeladen abzutauchen, einzutauchen und den Austausch aktiv mit zu gestalten.<\/p>\n\n\n\n<p><\/p>\n\n\n\n<div class=\"wp-container-12 wp-block-group alignwide has-background\" style=\"background-color:#ffffff\"><div class=\"wp-block-group__inner-container\">\n<div class=\"wp-container-11 wp-block-group\"><div class=\"wp-block-group__inner-container\">\n<h3 class=\"has-text-align-center\">Werde Mitglied und erhalte exklusive Angebote!<\/h3>\n\n\n\n<p class=\"has-text-align-center\">Alle Mitglieder erhalten Zugang zu exklusiven Ausstellungen und Angeboten. Die Mitgliedschaft kann Dein Leben ver\u00e4ndern und wird j\u00e4hrlich abgerechnet.<\/p>\n\n\n\n<div class=\"wp-block-button aligncenter\"><a class=\"wp-block-button__link\" href=\"https:\/\/make.wordpress.org\/core\/2019\/09\/27\/block-editor-theme-related-updates-in-wordpress-5-3\/\">Mitglied werden<\/a><\/div>\n<\/div><\/div>\n<\/div><\/div>\n\n\n\n<figure class=\"wp-container-14 wp-block-gallery-13 wp-block-gallery alignwide columns-2 is-cropped\"><ul class=\"blocks-gallery-grid\"><li class=\"blocks-gallery-item\"><figure><img src=\"https:\/\/masatainment.de\/wp-content\/themes\/twentytwenty\/assets\/images\/2020-square-2.png\" alt=\"\" data-id=\"39\" data-full-url=\"https:\/\/masatainment.de\/wp-content\/themes\/twentytwenty\/assets\/images\/2020-square-2.png\" data-link=\"assets\/images\/2020-square-2\/\" class=\"wp-image-39\"\/><\/figure><\/li><li class=\"blocks-gallery-item\"><figure><img src=\"https:\/\/masatainment.de\/wp-content\/themes\/twentytwenty\/assets\/images\/2020-square-1.png\" alt=\"\" data-id=\"38\" data-full-url=\"https:\/\/masatainment.de\/wp-content\/themes\/twentytwenty\/assets\/images\/2020-square-1.png\" data-link=\"https:\/\/masatainment.de\/wp-content\/themes\/twentytwenty\/assets\/images\/2020-square-1\/\" class=\"wp-image-38\"\/><\/figure><\/li><\/ul><\/figure>\n","protected":false},"excerpt":{"rendered":"<p>Die erste Adresse f\u00fcr Chaos, Kunst und Meinung in Bruchhausen-Vilsen. T\u00e4glich rund um die Uhr ge\u00f6ffnet. Werke und Tage Werke sollen nicht verg\u00e4nglich sein, aber Tage gez\u00e4hlt. Creative Schaupl\u00e4tze von Freunden und Kulturschaffenden Leben und Leben lassen muss man immer ! Dies und Das von heute bis in alle Ewigkeit \u201eDas Geheimnis des Gl\u00fccklichseins ist, [&hellip;]<\/p>\n","protected":false},"author":1,"featured_media":0,"parent":0,"menu_order":0,"comment_status":"closed","ping_status":"closed","template":"","meta":[],"_links":{"self":[{"href":"https:\/\/masatainment.de\/index.php?rest_route=\/wp\/v2\/pages\/12"}],"collection":[{"href":"https:\/\/masatainment.de\/index.php?rest_route=\/wp\/v2\/pages"}],"about":[{"href":"https:\/\/masatainment.de\/index.php?rest_route=\/wp\/v2\/types\/page"}],"author":[{"embeddable":true,"href":"https:\/\/masatainment.de\/index.php?rest_route=\/wp\/v2\/users\/1"}],"replies":[{"embeddable":true,"href":"https:\/\/masatainment.de\/index.php?rest_route=%2Fwp%2Fv2%2Fcomments&post=12"}],"version-history":[{"count":23,"href":"https:\/\/masatainment.de\/index.php?rest_route=\/wp\/v2\/pages\/12\/revisions"}],"predecessor-version":[{"id":197,"href":"https:\/\/masatainment.de\/index.php?rest_route=\/wp\/v2\/pages\/12\/revisions\/197"}],"wp:attachment":[{"href":"https:\/\/masatainment.de\/index.php?rest_route=%2Fwp%2Fv2%2Fmedia&parent=12"}],"curies":[{"name":"wp","href":"https:\/\/api.w.org\/{rel}","templated":true}]}}