{"id":13,"date":"2020-07-24T22:48:33","date_gmt":"2020-07-24T22:48:33","guid":{"rendered":"https:\/\/masatainment.de\/?page_id=13"},"modified":"2020-07-26T13:45:07","modified_gmt":"2020-07-26T13:45:07","slug":"ueber-uns","status":"publish","type":"page","link":"https:\/\/masatainment.de\/?page_id=13","title":{"rendered":"\u00dcber mich"},"content":{"rendered":"\n<p><strong>oder besser \u00fcber UNS?<\/strong><\/p>\n\n\n\n<p><strong>Bisschen durchgeknallt sagen die Einen<\/strong><\/p>\n\n\n\n<p><strong>Ein Knaller sagen die Anderen<\/strong><\/p>\n\n\n\n<p><strong>Egal, <\/strong><\/p>\n\n\n\n<p><strong>es ist wohl einer exhibitionistischen Ader geschuldet, dass ich auf dieser ganz pers\u00f6nlichen Seite Kunst und Kitsch sammle und ver\u00f6ffentliche.<\/strong><\/p>\n\n\n\n<p><strong>Einfach der Creativit\u00e4t, aber auch den Gedanken eine Plattform geben.<\/strong><\/p>\n\n\n\n<p><strong>Arbeiten und Spass haben ist das Motto, und das m\u00f6chte ich hier ein bisschen teilen. <\/strong><\/p>\n\n\n\n<p><span class=\"has-inline-color has-accent-color\"><strong>\u201eUnderstand me. I\u2019m not like an ordinary world. I have my madness, I live in another dimension and I do not have time for things that have no soul.\u201c                                                                    Charles Bukowski<\/strong><\/span><\/p>\n","protected":false},"excerpt":{"rendered":"<p>oder besser \u00fcber UNS? Bisschen durchgeknallt sagen die Einen Ein Knaller sagen die Anderen Egal, es ist wohl einer exhibitionistischen Ader geschuldet, dass ich auf dieser ganz pers\u00f6nlichen Seite Kunst und Kitsch sammle und ver\u00f6ffentliche. Einfach der Creativit\u00e4t, aber auch den Gedanken eine Plattform geben. Arbeiten und Spass haben ist das Motto, und das m\u00f6chte [&hellip;]<\/p>\n","protected":false},"author":1,"featured_media":0,"parent":0,"menu_order":0,"comment_status":"open","ping_status":"closed","template":"","meta":[],"_links":{"self":[{"href":"https:\/\/masatainment.de\/index.php?rest_route=\/wp\/v2\/pages\/13"}],"collection":[{"href":"https:\/\/masatainment.de\/index.php?rest_route=\/wp\/v2\/pages"}],"about":[{"href":"https:\/\/masatainment.de\/index.php?rest_route=\/wp\/v2\/types\/page"}],"author":[{"embeddable":true,"href":"https:\/\/masatainment.de\/index.php?rest_route=\/wp\/v2\/users\/1"}],"replies":[{"embeddable":true,"href":"https:\/\/masatainment.de\/index.php?rest_route=%2Fwp%2Fv2%2Fcomments&post=13"}],"version-history":[{"count":5,"href":"https:\/\/masatainment.de\/index.php?rest_route=\/wp\/v2\/pages\/13\/revisions"}],"predecessor-version":[{"id":148,"href":"https:\/\/masatainment.de\/index.php?rest_route=\/wp\/v2\/pages\/13\/revisions\/148"}],"wp:attachment":[{"href":"https:\/\/masatainment.de\/index.php?rest_route=%2Fwp%2Fv2%2Fmedia&parent=13"}],"curies":[{"name":"wp","href":"https:\/\/api.w.org\/{rel}","templated":true}]}}